{"id":135,"date":"2022-10-22T15:31:25","date_gmt":"2022-10-22T15:31:25","guid":{"rendered":"http:\/\/test.kriesi.at\/construction\/?page_id=135"},"modified":"2023-12-15T06:47:22","modified_gmt":"2023-12-15T06:47:22","slug":"construccion","status":"publish","type":"page","link":"https:\/\/obresgabigonyalons.es\/index.php\/servicios\/construccion\/","title":{"rendered":"Construcci\u00f3n"},"content":{"rendered":"<div  class='avia-slideshow av-43wlaf-4c248bdd13ecc1e34c39a7b45df84cf2 avia-slideshow-featured_large av_slideshow avia-fade-slider  avia-builder-el-0  el_before_av_one_full  avia-builder-el-first  av-slideshow-ui av-control-hidden av-no-slider-navigation av-hide-nav-arrows av-slideshow-autoplay av-loop-endless av-loop-manual-endless av-default-height-applied avia-slideshow-1' data-slideshow-options=\"{&quot;animation&quot;:&quot;fade&quot;,&quot;autoplay&quot;:true,&quot;loop_autoplay&quot;:&quot;endless&quot;,&quot;interval&quot;:5,&quot;loop_manual&quot;:&quot;manual-endless&quot;,&quot;autoplay_stopper&quot;:false,&quot;noNavigation&quot;:true,&quot;bg_slider&quot;:false,&quot;keep_padding&quot;:false,&quot;hoverpause&quot;:false,&quot;show_slide_delay&quot;:0}\"  itemprop=\"image\" itemscope=\"itemscope\" itemtype=\"https:\/\/schema.org\/ImageObject\" ><ul class='avia-slideshow-inner ' style='padding-bottom: 42%;'><li  class='avia-slideshow-slide av-43wlaf-4c248bdd13ecc1e34c39a7b45df84cf2__0  slide-1 slide-odd'><div data-rel='slideshow-1' class='avia-slide-wrap '   ><img decoding=\"async\" class=\"wp-image-80 avia-img-lazy-loading-not-80\"  src=\"https:\/\/obresgabigonyalons.es\/wp-content\/uploads\/2015\/10\/construction-site-machines-1500x630.jpg\" width=\"1500\" height=\"630\" title='Moviendo tierra con excavadora' alt='Excavadora cavando'  itemprop=\"thumbnailUrl\"   \/><\/div><\/li><li  class='avia-slideshow-slide av-43wlaf-4c248bdd13ecc1e34c39a7b45df84cf2__1  slide-2 slide-even'><div data-rel='slideshow-1' class='avia-slide-wrap '   ><img decoding=\"async\" class=\"wp-image-81 avia-img-lazy-loading-not-81\"  src=\"https:\/\/obresgabigonyalons.es\/wp-content\/uploads\/2015\/10\/cropped-hand-of-a-carpenter-1500x630.jpg\" width=\"1500\" height=\"630\" title='Carpintero trabajando' alt='Carpintero tomando medidas'  itemprop=\"thumbnailUrl\"   \/><\/div><\/li><li  class='avia-slideshow-slide av-43wlaf-4c248bdd13ecc1e34c39a7b45df84cf2__2  slide-3 slide-odd'><div data-rel='slideshow-1' class='avia-slide-wrap '   ><img decoding=\"async\" class=\"wp-image-100 avia-img-lazy-loading-not-100\"  src=\"https:\/\/obresgabigonyalons.es\/wp-content\/uploads\/2015\/10\/house-interior-1500x630.jpg\" width=\"1500\" height=\"630\" title='House interior' alt='Vista interior sal\u00f3n'  itemprop=\"thumbnailUrl\"   \/><\/div><\/li><li  class='avia-slideshow-slide av-43wlaf-4c248bdd13ecc1e34c39a7b45df84cf2__3  slide-4 slide-even'><div data-rel='slideshow-1' class='avia-slide-wrap '   ><img decoding=\"async\" class=\"wp-image-79 avia-img-lazy-loading-not-79\"  src=\"https:\/\/obresgabigonyalons.es\/wp-content\/uploads\/2015\/10\/architect-handling-keys-to-a-couple-1500x630.jpg\" width=\"1500\" height=\"630\" title='Entrega de llaves a un cliente' alt='Arquitecto entregando llaves'  itemprop=\"thumbnailUrl\"   \/><\/div><\/li><\/ul><div class='avia-slideshow-arrows avia-slideshow-controls' ><a href='#prev' class='prev-slide ' aria-hidden='true' data-av_icon='\ue87c' data-av_iconfont='entypo-fontello'  tabindex='-1'>Anterior<\/a><a href='#next' class='next-slide ' aria-hidden='true' data-av_icon='\ue87d' data-av_iconfont='entypo-fontello'  tabindex='-1'>Posterior<\/a><\/div><\/div>\n\n<style type=\"text\/css\" data-created_by=\"avia_inline_auto\" id=\"style-css-av-3d197r-8cbeaed9e3698a75106951d70beb9bea\">\n#top .flex_column.av-3d197r-8cbeaed9e3698a75106951d70beb9bea{\nmargin-top:0px;\nmargin-bottom:0px;\n}\n.flex_column.av-3d197r-8cbeaed9e3698a75106951d70beb9bea{\n-webkit-border-radius:0px 0px 0px 0px;\n-moz-border-radius:0px 0px 0px 0px;\nborder-radius:0px 0px 0px 0px;\npadding:0px 0px 0px 0px;\n}\n.responsive #top #wrap_all .flex_column.av-3d197r-8cbeaed9e3698a75106951d70beb9bea{\nmargin-top:0px;\nmargin-bottom:0px;\n}\n<\/style>\n<div class='flex_column av-3d197r-8cbeaed9e3698a75106951d70beb9bea av_one_full  avia-builder-el-1  el_after_av_slideshow  el_before_av_one_full  first flex_column_div av-animated-generic bottom-to-top av-zero-column-padding '     ><p>\n<style type=\"text\/css\" data-created_by=\"avia_inline_auto\" id=\"style-css-av-35stfz-ac275a5107f0c63d23b929080d7f4519\">\n#top .av-special-heading.av-35stfz-ac275a5107f0c63d23b929080d7f4519{\npadding-bottom:0;\n}\nbody .av-special-heading.av-35stfz-ac275a5107f0c63d23b929080d7f4519 .av-special-heading-tag .heading-char{\nfont-size:25px;\n}\n.av-special-heading.av-35stfz-ac275a5107f0c63d23b929080d7f4519 .av-subheading{\nfont-size:15px;\n}\n<\/style>\n<div  class='av-special-heading av-35stfz-ac275a5107f0c63d23b929080d7f4519 av-special-heading-h1 blockquote modern-quote  avia-builder-el-2  el_before_av_hr  avia-builder-el-first '><h1 class='av-special-heading-tag'  itemprop=\"headline\"  >Construcci\u00f3n<\/h1><div class=\"special-heading-border\"><div class=\"special-heading-inner-border\"><\/div><\/div><\/div><br \/>\n\n<style type=\"text\/css\" data-created_by=\"avia_inline_auto\" id=\"style-css-av-324cxb-a7c26d56d9885ce1b06911bb25d8a468\">\n#top .hr.av-324cxb-a7c26d56d9885ce1b06911bb25d8a468{\nmargin-top:10px;\nmargin-bottom:10px;\n}\n.hr.av-324cxb-a7c26d56d9885ce1b06911bb25d8a468 .hr-inner{\nwidth:50px;\nborder-color:#efbb20;\n}\n<\/style>\n<div  class='hr av-324cxb-a7c26d56d9885ce1b06911bb25d8a468 hr-custom  avia-builder-el-3  el_after_av_heading  avia-builder-el-last  hr-left hr-icon-no'><span class='hr-inner inner-border-av-border-fat'><span class=\"hr-inner-style\"><\/span><\/span><\/div><\/p><\/div>\n<style type=\"text\/css\" data-created_by=\"avia_inline_auto\" id=\"style-css-av-2yg9iv-1461c8eafe72a274c8f254cf2ec92b2a\">\n#top .flex_column.av-2yg9iv-1461c8eafe72a274c8f254cf2ec92b2a{\nmargin-top:0px;\nmargin-bottom:0px;\n}\n.flex_column.av-2yg9iv-1461c8eafe72a274c8f254cf2ec92b2a{\n-webkit-border-radius:0px 0px 0px 0px;\n-moz-border-radius:0px 0px 0px 0px;\nborder-radius:0px 0px 0px 0px;\npadding:0px 0px 0px 0px;\n}\n.responsive #top #wrap_all .flex_column.av-2yg9iv-1461c8eafe72a274c8f254cf2ec92b2a{\nmargin-top:0px;\nmargin-bottom:0px;\n}\n<\/style>\n<div class='flex_column av-2yg9iv-1461c8eafe72a274c8f254cf2ec92b2a av_one_full  avia-builder-el-4  el_after_av_one_full  el_before_av_one_full  first flex_column_div av-animated-generic bottom-to-top av-zero-column-padding column-top-margin'     ><section  class='av_textblock_section av-2rxbyn-edef41652d2b329d9d43f991caf2ba49'  itemscope=\"itemscope\" itemtype=\"https:\/\/schema.org\/CreativeWork\" ><div class='avia_textblock'  itemprop=\"text\" ><p style=\"text-align: justify;\"><span style=\"color: #000000;\">La construcci\u00f3n es una industria fundamental en la sociedad actual debido a su impacto en el desarrollo econ\u00f3mico y social de un pa\u00eds. Desde la antig\u00fcedad, ha sido una actividad esencial para la creaci\u00f3n de viviendas, infraestructuras y espacios comerciales. En la actualidad, la construcci\u00f3n se ha vuelto m\u00e1s compleja y sofisticada, con nuevas tendencias e innovaciones que est\u00e1n transformando la industria.<\/span><\/p>\n<p style=\"text-align: justify;\"><span style=\"color: #000000;\">La construcci\u00f3n tambi\u00e9n es importante por su impacto en la calidad de vida de las personas. Los avances en la construcci\u00f3n han permitido la creaci\u00f3n de edificios m\u00e1s eficientes energ\u00e9ticamente y sostenibles, lo que contribuye a la conservaci\u00f3n del medio ambiente y a la reducci\u00f3n de los costos de energ\u00eda. Adem\u00e1s, la construcci\u00f3n de viviendas y espacios p\u00fablicos adecuados mejora el bienestar de las personas al proporcionarles un entorno seguro y c\u00f3modo.<\/span><\/p>\n<p style=\"text-align: justify;\"><span style=\"color: #000000;\">Otra tendencia innovadora es el enfoque en la construcci\u00f3n sostenible. La creciente conciencia sobre el impacto ambiental ha llevado a la adopci\u00f3n de pr\u00e1cticas de construcci\u00f3n m\u00e1s respetuosas con el medio ambiente, como el uso de materiales reciclables y la implementaci\u00f3n de sistemas de energ\u00eda renovable. Estas pr\u00e1cticas no solo reducen la huella de carbono de los proyectos, sino que tambi\u00e9n pueden generar ahorros significativos a largo plazo en t\u00e9rminos de consumo de energ\u00eda y costos operativos.<\/span><\/p>\n<p><span style=\"color: #000000;\">En definitiva desde Obres Gabi Gonyalons realizamos trabajos de <span style=\"font-size: 14pt;\"><a style=\"color: #000000;\" title=\"Definicion Wikipedia\" href=\"https:\/\/es.wikipedia.org\/wiki\/Declaraci%C3%B3n_de_obra_nueva\" target=\"_blank\" rel=\"noopener\">obra nueva<\/a> y ampliaciones.<\/span><\/span><\/p>\n<\/div><\/section><\/div><\/p>\n\n<style type=\"text\/css\" data-created_by=\"avia_inline_auto\" id=\"style-css-av-1f9cz3-d45f1b4b4d1926f52b4c56beac6b5357\">\n.flex_column.av-1f9cz3-d45f1b4b4d1926f52b4c56beac6b5357{\n-webkit-border-radius:0px 0px 0px 0px;\n-moz-border-radius:0px 0px 0px 0px;\nborder-radius:0px 0px 0px 0px;\npadding:0px 0px 0px 0px;\n}\n<\/style>\n<div class='flex_column av-1f9cz3-d45f1b4b4d1926f52b4c56beac6b5357 av_one_full  avia-builder-el-6  el_after_av_one_full  avia-builder-el-last  first flex_column_div av-animated-generic bottom-to-top av-zero-column-padding column-top-margin'     ><p>\n<style type=\"text\/css\" data-created_by=\"avia_inline_auto\" id=\"style-css-av-146b8f-4ccdbd2a28ab93ea5b1bcfd6eb70ab5e\">\n#top .hr.av-146b8f-4ccdbd2a28ab93ea5b1bcfd6eb70ab5e{\nmargin-top:10px;\nmargin-bottom:10px;\n}\n.hr.av-146b8f-4ccdbd2a28ab93ea5b1bcfd6eb70ab5e .hr-inner{\nwidth:50px;\nborder-color:#efbb20;\n}\n<\/style>\n<div  class='hr av-146b8f-4ccdbd2a28ab93ea5b1bcfd6eb70ab5e hr-custom  avia-builder-el-7  el_before_av_textblock  avia-builder-el-first  hr-left hr-icon-no'><span class='hr-inner inner-border-av-border-fat'><span class=\"hr-inner-style\"><\/span><\/span><\/div><br \/>\n<section  class='av_textblock_section av-l8o9nftn-a3a71bcae5bed9a816e1a24d16784774'  itemscope=\"itemscope\" itemtype=\"https:\/\/schema.org\/CreativeWork\" ><div class='avia_textblock'  itemprop=\"text\" ><h2 style=\"text-align: center;\"><strong><a title=\"Contactar con nosotros\" href=\"http:\/\/obresgabigonyalons.es\/index.php\/contact\/\" target=\"_blank\" rel=\"noopener\"><span style=\"font-size: 18pt; color: #000000;\">CONTACTAR<\/span><\/a><\/strong><\/h2>\n<\/div><\/section><\/p><\/div>\n","protected":false},"excerpt":{"rendered":"","protected":false},"author":1,"featured_media":80,"parent":25,"menu_order":20,"comment_status":"closed","ping_status":"closed","template":"","meta":{"om_disable_all_campaigns":false,"_mi_skip_tracking":false,"footnotes":""},"class_list":["post-135","page","type-page","status-publish","has-post-thumbnail","hentry"],"aioseo_notices":[],"_links":{"self":[{"href":"https:\/\/obresgabigonyalons.es\/index.php\/wp-json\/wp\/v2\/pages\/135","targetHints":{"allow":["GET"]}}],"collection":[{"href":"https:\/\/obresgabigonyalons.es\/index.php\/wp-json\/wp\/v2\/pages"}],"about":[{"href":"https:\/\/obresgabigonyalons.es\/index.php\/wp-json\/wp\/v2\/types\/page"}],"author":[{"embeddable":true,"href":"https:\/\/obresgabigonyalons.es\/index.php\/wp-json\/wp\/v2\/users\/1"}],"replies":[{"embeddable":true,"href":"https:\/\/obresgabigonyalons.es\/index.php\/wp-json\/wp\/v2\/comments?post=135"}],"version-history":[{"count":12,"href":"https:\/\/obresgabigonyalons.es\/index.php\/wp-json\/wp\/v2\/pages\/135\/revisions"}],"predecessor-version":[{"id":707,"href":"https:\/\/obresgabigonyalons.es\/index.php\/wp-json\/wp\/v2\/pages\/135\/revisions\/707"}],"up":[{"embeddable":true,"href":"https:\/\/obresgabigonyalons.es\/index.php\/wp-json\/wp\/v2\/pages\/25"}],"wp:featuredmedia":[{"embeddable":true,"href":"https:\/\/obresgabigonyalons.es\/index.php\/wp-json\/wp\/v2\/media\/80"}],"wp:attachment":[{"href":"https:\/\/obresgabigonyalons.es\/index.php\/wp-json\/wp\/v2\/media?parent=135"}],"curies":[{"name":"wp","href":"https:\/\/api.w.org\/{rel}","templated":true}]}}