{"id":113,"date":"2022-10-22T14:34:37","date_gmt":"2022-10-22T14:34:37","guid":{"rendered":"http:\/\/test.kriesi.at\/construction\/?page_id=113"},"modified":"2023-12-15T06:46:42","modified_gmt":"2023-12-15T06:46:42","slug":"arquitectura","status":"publish","type":"page","link":"https:\/\/obresgabigonyalons.es\/index.php\/servicios\/arquitectura\/","title":{"rendered":"Planos y arquitectura"},"content":{"rendered":"<div  class='avia-slideshow av-40ghoh-578822f2838dbc3d273ade0243fdda14 avia-slideshow-featured_large av_slideshow avia-fade-slider  avia-builder-el-0  el_before_av_one_full  avia-builder-el-first  av-slideshow-ui av-control-hidden av-no-slider-navigation av-hide-nav-arrows av-slideshow-autoplay av-loop-endless av-loop-manual-endless av-default-height-applied avia-slideshow-1' data-slideshow-options=\"{&quot;animation&quot;:&quot;fade&quot;,&quot;autoplay&quot;:true,&quot;loop_autoplay&quot;:&quot;endless&quot;,&quot;interval&quot;:5,&quot;loop_manual&quot;:&quot;manual-endless&quot;,&quot;autoplay_stopper&quot;:false,&quot;noNavigation&quot;:true,&quot;bg_slider&quot;:false,&quot;keep_padding&quot;:false,&quot;hoverpause&quot;:false,&quot;show_slide_delay&quot;:0}\"  itemprop=\"image\" itemscope=\"itemscope\" itemtype=\"https:\/\/schema.org\/ImageObject\" ><ul class='avia-slideshow-inner ' style='padding-bottom: 42%;'><li  class='avia-slideshow-slide av-40ghoh-578822f2838dbc3d273ade0243fdda14__0  slide-1 slide-odd'><div data-rel='slideshow-1' class='avia-slide-wrap '   ><img decoding=\"async\" class=\"wp-image-83 avia-img-lazy-loading-not-83\"  src=\"https:\/\/obresgabigonyalons.es\/wp-content\/uploads\/2015\/10\/scale-ruler-on-blueprints-1500x630.jpg\" width=\"1500\" height=\"630\" title='Tomando medidas sobre planos' alt='Regla de escala en planos'  itemprop=\"thumbnailUrl\"   \/><\/div><\/li><li  class='avia-slideshow-slide av-40ghoh-578822f2838dbc3d273ade0243fdda14__1  slide-2 slide-even'><div data-rel='slideshow-1' class='avia-slide-wrap '   ><img decoding=\"async\" class=\"wp-image-87 avia-img-lazy-loading-not-87\"  src=\"https:\/\/obresgabigonyalons.es\/wp-content\/uploads\/2015\/10\/team-banner2.jpg\" width=\"1500\" height=\"630\" title='Trabajadores con excavadora de fondo' alt='Equipo de trabajadores'  itemprop=\"thumbnailUrl\" srcset=\"https:\/\/obresgabigonyalons.es\/wp-content\/uploads\/2015\/10\/team-banner2.jpg 1500w, https:\/\/obresgabigonyalons.es\/wp-content\/uploads\/2015\/10\/team-banner2-300x126.jpg 300w, https:\/\/obresgabigonyalons.es\/wp-content\/uploads\/2015\/10\/team-banner2-1030x433.jpg 1030w, https:\/\/obresgabigonyalons.es\/wp-content\/uploads\/2015\/10\/team-banner2-768x323.jpg 768w, https:\/\/obresgabigonyalons.es\/wp-content\/uploads\/2015\/10\/team-banner2-705x296.jpg 705w\" sizes=\"(max-width: 1500px) 100vw, 1500px\" \/><\/div><\/li><li  class='avia-slideshow-slide av-40ghoh-578822f2838dbc3d273ade0243fdda14__2  slide-3 slide-odd'><div data-rel='slideshow-1' class='avia-slide-wrap '   ><img decoding=\"async\" class=\"wp-image-100 avia-img-lazy-loading-not-100\"  src=\"https:\/\/obresgabigonyalons.es\/wp-content\/uploads\/2015\/10\/house-interior-1500x630.jpg\" width=\"1500\" height=\"630\" title='House interior' alt='Vista interior sal\u00f3n'  itemprop=\"thumbnailUrl\"   \/><\/div><\/li><li  class='avia-slideshow-slide av-40ghoh-578822f2838dbc3d273ade0243fdda14__3  slide-4 slide-even'><div data-rel='slideshow-1' class='avia-slide-wrap '   ><img decoding=\"async\" class=\"wp-image-81 avia-img-lazy-loading-not-81\"  src=\"https:\/\/obresgabigonyalons.es\/wp-content\/uploads\/2015\/10\/cropped-hand-of-a-carpenter-1500x630.jpg\" width=\"1500\" height=\"630\" title='Carpintero trabajando' alt='Carpintero tomando medidas'  itemprop=\"thumbnailUrl\"   \/><\/div><\/li><\/ul><div class='avia-slideshow-arrows avia-slideshow-controls' ><a href='#prev' class='prev-slide ' aria-hidden='true' data-av_icon='\ue87c' data-av_iconfont='entypo-fontello'  tabindex='-1'>Anterior<\/a><a href='#next' class='next-slide ' aria-hidden='true' data-av_icon='\ue87d' data-av_iconfont='entypo-fontello'  tabindex='-1'>Posterior<\/a><\/div><\/div>\n\n<style type=\"text\/css\" data-created_by=\"avia_inline_auto\" id=\"style-css-av-3ez7pt-9e970242f7d243fd0e64cfeaafbe74f5\">\n#top .flex_column.av-3ez7pt-9e970242f7d243fd0e64cfeaafbe74f5{\nmargin-top:0px;\nmargin-bottom:0px;\n}\n.flex_column.av-3ez7pt-9e970242f7d243fd0e64cfeaafbe74f5{\n-webkit-border-radius:0px 0px 0px 0px;\n-moz-border-radius:0px 0px 0px 0px;\nborder-radius:0px 0px 0px 0px;\npadding:0px 0px 0px 0px;\n}\n.responsive #top #wrap_all .flex_column.av-3ez7pt-9e970242f7d243fd0e64cfeaafbe74f5{\nmargin-top:0px;\nmargin-bottom:0px;\n}\n<\/style>\n<div class='flex_column av-3ez7pt-9e970242f7d243fd0e64cfeaafbe74f5 av_one_full  avia-builder-el-1  el_after_av_slideshow  el_before_av_one_full  first flex_column_div av-animated-generic bottom-to-top av-zero-column-padding '     ><p>\n<style type=\"text\/css\" data-created_by=\"avia_inline_auto\" id=\"style-css-av-3an3ch-70fd21560dc54ab0460d2ec55c64c586\">\n#top .av-special-heading.av-3an3ch-70fd21560dc54ab0460d2ec55c64c586{\npadding-bottom:0;\n}\nbody .av-special-heading.av-3an3ch-70fd21560dc54ab0460d2ec55c64c586 .av-special-heading-tag .heading-char{\nfont-size:25px;\n}\n.av-special-heading.av-3an3ch-70fd21560dc54ab0460d2ec55c64c586 .av-subheading{\nfont-size:15px;\n}\n<\/style>\n<div  class='av-special-heading av-3an3ch-70fd21560dc54ab0460d2ec55c64c586 av-special-heading-h1 blockquote modern-quote  avia-builder-el-2  el_before_av_textblock  avia-builder-el-first '><h1 class='av-special-heading-tag'  itemprop=\"headline\"  >Planos y arquitectura<\/h1><div class=\"special-heading-border\"><div class=\"special-heading-inner-border\"><\/div><\/div><\/div><br \/>\n<section  class='av_textblock_section av-lpsjmmt0-21c4d317aba0f1d3a473de02359b3f3a'  itemscope=\"itemscope\" itemtype=\"https:\/\/schema.org\/CreativeWork\" ><div class='avia_textblock'  itemprop=\"text\" ><p style=\"text-align: justify;\"><span style=\"color: #000000; font-size: 12pt;\">Una mirada al dise\u00f1o y construcci\u00f3n de espacios.<br \/>\n<\/span><\/p>\n<p style=\"text-align: justify;\"><span style=\"color: #000000; font-size: 12pt;\">La <a title=\"Definicion Wikipedia\" href=\"https:\/\/es.wikipedia.org\/wiki\/Arquitectura\" target=\"_blank\" rel=\"noopener\">arquitectura<\/a> es una disciplina que combina el arte y la ciencia para crear espacios funcionales y est\u00e9ticamente agradables. Los planos son una herramienta fundamental en este proceso, ya que permiten plasmar las ideas y conceptos del arquitecto de forma visual y detallada. En este art\u00edculo, exploraremos la importancia de los planos en la arquitectura y c\u00f3mo estos ayudan en la planificaci\u00f3n y construcci\u00f3n de espacios.<\/span><\/p>\n<p style=\"text-align: justify;\"><span style=\"color: #000000; font-size: 12pt;\">Descubriendo los elementos clave en la planificaci\u00f3n arquitect\u00f3nica<\/span><\/p>\n<p style=\"text-align: justify;\"><span style=\"color: #000000; font-size: 12pt;\">La planificaci\u00f3n arquitect\u00f3nica es el primer paso en la creaci\u00f3n de cualquier proyecto de construcci\u00f3n. Esta etapa implica la elaboraci\u00f3n de los planos, que son representaciones gr\u00e1ficas a escala de los espacios que se van a dise\u00f1ar. Los planos permiten a los arquitectos visualizar y comunicar sus ideas, as\u00ed como tambi\u00e9n ayudan a los constructores a comprender y ejecutar el proyecto de manera precisa.<\/span><\/p>\n<p style=\"text-align: justify;\"><span style=\"color: #000000; font-size: 12pt;\">Los planos arquitect\u00f3nicos contienen una serie de elementos clave que son esenciales para el desarrollo del proyecto. Uno de estos elementos es la planta, que muestra la distribuci\u00f3n del espacio en horizontal. La planta es como un mapa en el que se representan las diferentes habitaciones, pasillos, puertas, ventanas y cualquier otro elemento estructural. Adem\u00e1s de la planta, los planos tambi\u00e9n incluyen cortes, que muestran una vista en secci\u00f3n del edificio, y elevaciones, que representan las fachadas y el aspecto exterior del mismo.<\/span><\/p>\n<p style=\"text-align: justify;\"><span style=\"color: #000000; font-size: 12pt;\">Otro elemento clave en la planificaci\u00f3n arquitect\u00f3nica es la escala. La escala permite determinar las dimensiones reales de los espacios y los elementos que se representan en el plano. Esto es fundamental para garantizar la proporci\u00f3n y funcionalidad de los espacios, as\u00ed como tambi\u00e9n para cumplir con las normativas de construcci\u00f3n. La escala puede variar en funci\u00f3n del tama\u00f1o del proyecto, pero es importante que sea coherente y se mantenga en todos los planos para evitar errores en la ejecuci\u00f3n de la obra.<\/span><\/p>\n<p style=\"text-align: justify;\"><span style=\"color: #000000; font-size: 12pt;\"> En conclusi\u00f3n, los planos son una herramienta fundamental en la planificaci\u00f3n y construcci\u00f3n de espacios arquitect\u00f3nicos. Permiten a los arquitectos expresar y comunicar sus ideas de manera visual y detallada, y tambi\u00e9n gu\u00edan a los constructores en la ejecuci\u00f3n precisa del proyecto. Los planos arquitect\u00f3nicos contienen elementos clave como la planta, los cortes y las elevaciones, que proporcionan informaci\u00f3n esencial sobre la distribuci\u00f3n y apariencia del edificio. Adem\u00e1s, la escala es un factor determinante en la precisi\u00f3n y funcionalidad de los espacios. En definitiva, los planos y la arquitectura son dos conceptos inextricablemente ligados que convergen en la creaci\u00f3n de espacios habitables y est\u00e9ticamente agradables.<\/span><\/p>\n<\/div><\/section><br \/>\n\n<style type=\"text\/css\" data-created_by=\"avia_inline_auto\" id=\"style-css-av-31mbzl-11974b2652cbb4336e8e017fc371e99e\">\n#top .hr.av-31mbzl-11974b2652cbb4336e8e017fc371e99e{\nmargin-top:10px;\nmargin-bottom:10px;\n}\n.hr.av-31mbzl-11974b2652cbb4336e8e017fc371e99e .hr-inner{\nwidth:50px;\nborder-color:#efbb20;\n}\n<\/style>\n<div  class='hr av-31mbzl-11974b2652cbb4336e8e017fc371e99e hr-custom  avia-builder-el-4  el_after_av_textblock  avia-builder-el-last  hr-left hr-icon-no'><span class='hr-inner inner-border-av-border-fat'><span class=\"hr-inner-style\"><\/span><\/span><\/div><\/p><\/div>\n<style type=\"text\/css\" data-created_by=\"avia_inline_auto\" id=\"style-css-av-2v3xpt-5e2ffa37f7571d8971c3e3d5a5316256\">\n#top .flex_column.av-2v3xpt-5e2ffa37f7571d8971c3e3d5a5316256{\nmargin-top:0px;\nmargin-bottom:0px;\n}\n.flex_column.av-2v3xpt-5e2ffa37f7571d8971c3e3d5a5316256{\n-webkit-border-radius:0px 0px 0px 0px;\n-moz-border-radius:0px 0px 0px 0px;\nborder-radius:0px 0px 0px 0px;\npadding:0px 0px 0px 0px;\n}\n.responsive #top #wrap_all .flex_column.av-2v3xpt-5e2ffa37f7571d8971c3e3d5a5316256{\nmargin-top:0px;\nmargin-bottom:0px;\n}\n<\/style>\n<div class='flex_column av-2v3xpt-5e2ffa37f7571d8971c3e3d5a5316256 av_one_full  avia-builder-el-5  el_after_av_one_full  el_before_av_one_full  first flex_column_div av-animated-generic bottom-to-top av-zero-column-padding column-top-margin'     ><section  class='av_textblock_section av-a2hgx-c636acba6e4a717429910106e851e898'  itemscope=\"itemscope\" itemtype=\"https:\/\/schema.org\/CreativeWork\" ><div class='avia_textblock'  itemprop=\"text\" ><p><strong><span style=\"color: #000000;\">Le ayudamos a encontrar profesionales de confianza.<\/span><\/strong><\/p>\n<\/div><\/section><\/div><\/p>\n\n<style type=\"text\/css\" data-created_by=\"avia_inline_auto\" id=\"style-css-av-1czt01-59543d5b47c11e70a25c836e964e97a2\">\n.flex_column.av-1czt01-59543d5b47c11e70a25c836e964e97a2{\n-webkit-border-radius:0px 0px 0px 0px;\n-moz-border-radius:0px 0px 0px 0px;\nborder-radius:0px 0px 0px 0px;\npadding:0px 0px 0px 0px;\n}\n<\/style>\n<div class='flex_column av-1czt01-59543d5b47c11e70a25c836e964e97a2 av_one_full  avia-builder-el-7  el_after_av_one_full  avia-builder-el-last  first flex_column_div av-animated-generic bottom-to-top av-zero-column-padding column-top-margin'     ><p>\n<style type=\"text\/css\" data-created_by=\"avia_inline_auto\" id=\"style-css-av-12mowh-1b4e11ad9ae498545922025c14b0bd0d\">\n#top .hr.av-12mowh-1b4e11ad9ae498545922025c14b0bd0d{\nmargin-top:10px;\nmargin-bottom:10px;\n}\n.hr.av-12mowh-1b4e11ad9ae498545922025c14b0bd0d .hr-inner{\nwidth:50px;\nborder-color:#efbb20;\n}\n<\/style>\n<div  class='hr av-12mowh-1b4e11ad9ae498545922025c14b0bd0d hr-custom  avia-builder-el-8  el_before_av_textblock  avia-builder-el-first  hr-left hr-icon-no'><span class='hr-inner inner-border-av-border-fat'><span class=\"hr-inner-style\"><\/span><\/span><\/div><br \/>\n<section  class='av_textblock_section av-l8obx8o9-af46eb7432ed67f7c6023702c2facfc5'  itemscope=\"itemscope\" itemtype=\"https:\/\/schema.org\/CreativeWork\" ><div class='avia_textblock'  itemprop=\"text\" ><p style=\"text-align: center;\"><span style=\"font-size: 18pt; color: #000000;\"><a style=\"color: #000000;\" title=\"Contact\" href=\"http:\/\/obresgabigonyalons.es\/index.php\/contact\/\" target=\"_blank\" rel=\"noopener\">CONTACTAR<\/a><\/span><\/p>\n<\/div><\/section><\/p><\/div>\n","protected":false},"excerpt":{"rendered":"","protected":false},"author":1,"featured_media":83,"parent":25,"menu_order":10,"comment_status":"closed","ping_status":"closed","template":"","meta":{"om_disable_all_campaigns":false,"_mi_skip_tracking":false,"footnotes":""},"class_list":["post-113","page","type-page","status-publish","has-post-thumbnail","hentry"],"aioseo_notices":[],"_links":{"self":[{"href":"https:\/\/obresgabigonyalons.es\/index.php\/wp-json\/wp\/v2\/pages\/113","targetHints":{"allow":["GET"]}}],"collection":[{"href":"https:\/\/obresgabigonyalons.es\/index.php\/wp-json\/wp\/v2\/pages"}],"about":[{"href":"https:\/\/obresgabigonyalons.es\/index.php\/wp-json\/wp\/v2\/types\/page"}],"author":[{"embeddable":true,"href":"https:\/\/obresgabigonyalons.es\/index.php\/wp-json\/wp\/v2\/users\/1"}],"replies":[{"embeddable":true,"href":"https:\/\/obresgabigonyalons.es\/index.php\/wp-json\/wp\/v2\/comments?post=113"}],"version-history":[{"count":16,"href":"https:\/\/obresgabigonyalons.es\/index.php\/wp-json\/wp\/v2\/pages\/113\/revisions"}],"predecessor-version":[{"id":710,"href":"https:\/\/obresgabigonyalons.es\/index.php\/wp-json\/wp\/v2\/pages\/113\/revisions\/710"}],"up":[{"embeddable":true,"href":"https:\/\/obresgabigonyalons.es\/index.php\/wp-json\/wp\/v2\/pages\/25"}],"wp:featuredmedia":[{"embeddable":true,"href":"https:\/\/obresgabigonyalons.es\/index.php\/wp-json\/wp\/v2\/media\/83"}],"wp:attachment":[{"href":"https:\/\/obresgabigonyalons.es\/index.php\/wp-json\/wp\/v2\/media?parent=113"}],"curies":[{"name":"wp","href":"https:\/\/api.w.org\/{rel}","templated":true}]}}